{"id":1806,"date":"2016-09-07T18:51:12","date_gmt":"2016-09-07T18:51:12","guid":{"rendered":"https:\/\/cstm.ca\/en\/?page_id=1806"},"modified":"2016-10-05T14:39:10","modified_gmt":"2016-10-05T14:39:10","slug":"links","status":"publish","type":"page","link":"https:\/\/cstm.ca\/en\/links\/","title":{"rendered":"Links"},"content":{"rendered":"<p>[vc_row css=&#8221;.vc_custom_1468894711930{margin-bottom: 30px !important;}&#8221;][vc_column][vc_custom_heading text=&#8221;ORGANIZATIONS ET ASSOCIATIONS&#8221; font_container=&#8221;tag:h2|font_size:30px|text_align:left|line_height:0.8&#8243; use_theme_fonts=&#8221;yes&#8221; font_weight=&#8221;400&#8243; text_transform=&#8221;none&#8221; sub_heading_character_color=&#8221;rgba(0,0,0,0.4)&#8221;][\/vc_column][\/vc_row][vc_row][vc_column width=&#8221;1\/4&#8243;][vc_single_image image=&#8221;1701&#8243; img_size=&#8221;full&#8221;][\/vc_column][vc_column width=&#8221;3\/4&#8243;][vc_column_text]<a href=\"http:\/\/www.trans-al.com\">R\u00e9seau Transal<\/a>[\/vc_column_text][\/vc_column][\/vc_row][vc_row][vc_column width=&#8221;1\/4&#8243;][vc_single_image image=&#8221;1696&#8243; img_size=&#8221;full&#8221;][\/vc_column][vc_column width=&#8221;3\/4&#8243;][vc_column_text]<a href=\"http:\/\/www.transportail.com\">P\u00f4le d&#8217;Excellence qu\u00e9b\u00e9coise en transport terrestre<\/a>[\/vc_column_text][\/vc_column][\/vc_row][vc_row][vc_column width=&#8221;1\/4&#8243;][vc_single_image image=&#8221;1703&#8243; img_size=&#8221;full&#8221;][\/vc_column][vc_column width=&#8221;3\/4&#8243;][vc_column_text]<a href=\"http:\/\/www.stiq.com\">Sous-Traitance Industriel Qu\u00e9bec<\/a>[\/vc_column_text][\/vc_column][\/vc_row][vc_row][vc_column width=&#8221;1\/4&#8243;][vc_single_image image=&#8221;1693&#8243; img_size=&#8221;full&#8221;][\/vc_column][vc_column width=&#8221;3\/4&#8243;][vc_column_text]<a href=\"http:\/\/www.criq.qc.ca\">Centre de recherche industrielle du Qu\u00e9bec<\/a>[\/vc_column_text][\/vc_column][\/vc_row][vc_row][vc_column width=&#8221;1\/4&#8243;][vc_single_image image=&#8221;1691&#8243; img_size=&#8221;full&#8221;][\/vc_column][vc_column width=&#8221;3\/4&#8243;][vc_column_text]<a href=\"http:\/\/www.groupement.ca\">Groupement des chefs d\u2019entreprise du Qu\u00e9bec<\/a>[\/vc_column_text][\/vc_column][\/vc_row][vc_row][vc_column width=&#8221;1\/4&#8243;][vc_single_image image=&#8221;1695&#8243; img_size=&#8221;full&#8221;][\/vc_column][vc_column width=&#8221;3\/4&#8243;][vc_column_text]<a href=\"http:\/\/www.fcei.ca\">F\u00e9d\u00e9ration canadienne de l\u2019entreprise ind\u00e9pendante<\/a>[\/vc_column_text][\/vc_column][\/vc_row][vc_row css=&#8221;.vc_custom_1468894389064{margin-bottom: 50px !important;}&#8221;][vc_column width=&#8221;1\/4&#8243;][vc_single_image image=&#8221;1692&#8243; img_size=&#8221;full&#8221;][\/vc_column][vc_column width=&#8221;3\/4&#8243;][vc_column_text]<a href=\"http:\/\/www.chambredecommerce.org\">Chambre de commerce Haute-Yamaska et r\u00e9gion<\/a>[\/vc_column_text][\/vc_column][\/vc_row][vc_row css=&#8221;.vc_custom_1468894698859{margin-bottom: 30px !important;}&#8221;][vc_column][vc_custom_heading text=&#8221;INDUSTRIAL SUPPLIER&#8221; font_container=&#8221;tag:h2|font_size:30px|text_align:left|line_height:0.8&#8243; use_theme_fonts=&#8221;yes&#8221; font_weight=&#8221;400&#8243; text_transform=&#8221;none&#8221; sub_heading_character_color=&#8221;rgba(0,0,0,0.4)&#8221;][\/vc_column][\/vc_row][vc_row][vc_column width=&#8221;1\/4&#8243;][vc_single_image image=&#8221;1699&#8243; img_size=&#8221;full&#8221;][\/vc_column][vc_column width=&#8221;3\/4&#8243;][vc_column_text]<a href=\"http:\/\/www.nelsonstud.com\">Nelson Stud Welding<\/a>[\/vc_column_text][\/vc_column][\/vc_row][vc_row][vc_column width=&#8221;1\/4&#8243;][vc_single_image image=&#8221;1700&#8243; img_size=&#8221;full&#8221;][\/vc_column][vc_column width=&#8221;3\/4&#8243;][vc_column_text]<a href=\"http:\/\/www.pemnet.com\">Penn Engineering<\/a>[\/vc_column_text][\/vc_column][\/vc_row][vc_row][vc_column width=&#8221;1\/4&#8243;][vc_single_image image=&#8221;1697&#8243; img_size=&#8221;full&#8221;][\/vc_column][vc_column width=&#8221;3\/4&#8243;][vc_column_text]<a href=\"http:\/\/www.mcmaster.com\">Mc Master-Carr<\/a>[\/vc_column_text][\/vc_column][\/vc_row][vc_row][vc_column width=&#8221;1\/4&#8243;][vc_single_image image=&#8221;1694&#8243; img_size=&#8221;full&#8221;][\/vc_column][vc_column width=&#8221;3\/4&#8243;][vc_column_text]<a href=\"http:\/\/www.spaenaur.com\">Spaenaur<\/a>[\/vc_column_text][\/vc_column][\/vc_row][vc_row][vc_column width=&#8221;1\/4&#8243;][vc_single_image image=&#8221;1702&#8243; img_size=&#8221;full&#8221;][\/vc_column][vc_column width=&#8221;3\/4&#8243;][vc_column_text]<a href=\"http:\/\/www.sherex.com\">Sherex Industries Ltd.<\/a>[\/vc_column_text][\/vc_column][\/vc_row][vc_row css=&#8221;.vc_custom_1468894663204{margin-bottom: 50px !important;}&#8221;][vc_column width=&#8221;1\/4&#8243;][vc_single_image image=&#8221;1690&#8243; img_size=&#8221;full&#8221;][\/vc_column][vc_column width=&#8221;3\/4&#8243;][vc_column_text]<a href=\"http:\/\/www.avdel-global.com\">Avdel Inc.<\/a>[\/vc_column_text][\/vc_column][\/vc_row][vc_row css=&#8221;.vc_custom_1468894675453{margin-bottom: 30px !important;}&#8221;][vc_column][vc_custom_heading text=&#8221;EUROPEAN PARTNER&#8221; font_container=&#8221;tag:h2|font_size:30px|text_align:left|line_height:0.8&#8243; use_theme_fonts=&#8221;yes&#8221; font_weight=&#8221;400&#8243; text_transform=&#8221;none&#8221; sub_heading_character_color=&#8221;rgba(0,0,0,0.4)&#8221;][\/vc_column][\/vc_row][vc_row css=&#8221;.vc_custom_1468894687129{margin-bottom: 50px !important;}&#8221;][vc_column width=&#8221;1\/4&#8243;][vc_single_image image=&#8221;1698&#8243; img_size=&#8221;full&#8221;][\/vc_column][vc_column width=&#8221;3\/4&#8243;][vc_column_text]<a href=\"http:\/\/www.micheneau.fr\">Micheneau<\/a>[\/vc_column_text][\/vc_column][\/vc_row]<\/p>\n","protected":false},"excerpt":{"rendered":"<p>[vc_row css=&#8221;.vc_custom_1468894711930{margin-bottom: 30px !important;}&#8221;][vc_column][vc_custom_heading text=&#8221;ORGANIZATIONS ET ASSOCIATIONS&#8221; font_container=&#8221;tag:h2|font_size:30px|text_align:left|line_height:0.8&#8243; use_theme_fonts=&#8221;yes&#8221; font_weight=&#8221;400&#8243; text_transform=&#8221;none&#8221; sub_heading_character_color=&#8221;rgba(0,0,0,0.4)&#8221;][\/vc_column][\/vc_row][vc_row][vc_column width=&#8221;1\/4&#8243;][vc_single_image image=&#8221;1701&#8243; img_size=&#8221;full&#8221;][\/vc_column][vc_column width=&#8221;3\/4&#8243;][vc_column_text]R\u00e9seau Transal[\/vc_column_text][\/vc_column][\/vc_row][vc_row][vc_column width=&#8221;1\/4&#8243;][vc_single_image image=&#8221;1696&#8243; img_size=&#8221;full&#8221;][\/vc_column][vc_column width=&#8221;3\/4&#8243;][vc_column_text]P\u00f4le d&#8217;Excellence qu\u00e9b\u00e9coise en transport terrestre[\/vc_column_text][\/vc_column][\/vc_row][vc_row][vc_column width=&#8221;1\/4&#8243;][vc_single_image image=&#8221;1703&#8243; img_size=&#8221;full&#8221;][\/vc_column][vc_column width=&#8221;3\/4&#8243;][vc_column_text]Sous-Traitance Industriel Qu\u00e9bec[\/vc_column_text][\/vc_column][\/vc_row][vc_row][vc_column width=&#8221;1\/4&#8243;][vc_single_image image=&#8221;1693&#8243; img_size=&#8221;full&#8221;][\/vc_column][vc_column width=&#8221;3\/4&#8243;][vc_column_text]Centre de recherche industrielle du Qu\u00e9bec[\/vc_column_text][\/vc_column][\/vc_row][vc_row][vc_column width=&#8221;1\/4&#8243;][vc_single_image image=&#8221;1691&#8243; img_size=&#8221;full&#8221;][\/vc_column][vc_column width=&#8221;3\/4&#8243;][vc_column_text]Groupement des chefs d\u2019entreprise du Qu\u00e9bec[\/vc_column_text][\/vc_column][\/vc_row][vc_row][vc_column width=&#8221;1\/4&#8243;][vc_single_image image=&#8221;1695&#8243; img_size=&#8221;full&#8221;][\/vc_column][vc_column width=&#8221;3\/4&#8243;][vc_column_text]F\u00e9d\u00e9ration canadienne de l\u2019entreprise ind\u00e9pendante[\/vc_column_text][\/vc_column][\/vc_row][vc_row css=&#8221;.vc_custom_1468894389064{margin-bottom: 50px !important;}&#8221;][vc_column width=&#8221;1\/4&#8243;][vc_single_image image=&#8221;1692&#8243; img_size=&#8221;full&#8221;][\/vc_column][vc_column width=&#8221;3\/4&#8243;][vc_column_text]Chambre de commerce Haute-Yamaska et r\u00e9gion[\/vc_column_text][\/vc_column][\/vc_row][vc_row css=&#8221;.vc_custom_1468894698859{margin-bottom: 30px !important;}&#8221;][vc_column][vc_custom_heading text=&#8221;INDUSTRIAL SUPPLIER&#8221; font_container=&#8221;tag:h2|font_size:30px|text_align:left|line_height:0.8&#8243; use_theme_fonts=&#8221;yes&#8221; font_weight=&#8221;400&#8243; text_transform=&#8221;none&#8221; sub_heading_character_color=&#8221;rgba(0,0,0,0.4)&#8221;][\/vc_column][\/vc_row][vc_row][vc_column width=&#8221;1\/4&#8243;][vc_single_image image=&#8221;1699&#8243; img_size=&#8221;full&#8221;][\/vc_column][vc_column width=&#8221;3\/4&#8243;][vc_column_text]Nelson Stud Welding[\/vc_column_text][\/vc_column][\/vc_row][vc_row][vc_column width=&#8221;1\/4&#8243;][vc_single_image image=&#8221;1700&#8243; img_size=&#8221;full&#8221;][\/vc_column][vc_column width=&#8221;3\/4&#8243;][vc_column_text]Penn Engineering[\/vc_column_text][\/vc_column][\/vc_row][vc_row][vc_column width=&#8221;1\/4&#8243;][vc_single_image image=&#8221;1697&#8243; img_size=&#8221;full&#8221;][\/vc_column][vc_column width=&#8221;3\/4&#8243;][vc_column_text]Mc Master-Carr[\/vc_column_text][\/vc_column][\/vc_row][vc_row][vc_column width=&#8221;1\/4&#8243;][vc_single_image image=&#8221;1694&#8243; img_size=&#8221;full&#8221;][\/vc_column][vc_column width=&#8221;3\/4&#8243;][vc_column_text]Spaenaur[\/vc_column_text][\/vc_column][\/vc_row][vc_row][vc_column width=&#8221;1\/4&#8243;][vc_single_image image=&#8221;1702&#8243; img_size=&#8221;full&#8221;][\/vc_column][vc_column width=&#8221;3\/4&#8243;][vc_column_text]Sherex Industries Ltd.[\/vc_column_text][\/vc_column][\/vc_row][vc_row css=&#8221;.vc_custom_1468894663204{margin-bottom: 50px !important;}&#8221;][vc_column width=&#8221;1\/4&#8243;][vc_single_image image=&#8221;1690&#8243; img_size=&#8221;full&#8221;][\/vc_column][vc_column width=&#8221;3\/4&#8243;][vc_column_text]Avdel Inc.[\/vc_column_text][\/vc_column][\/vc_row][vc_row css=&#8221;.vc_custom_1468894675453{margin-bottom: 30px !important;}&#8221;][vc_column][vc_custom_heading text=&#8221;EUROPEAN PARTNER&#8221; font_container=&#8221;tag:h2|font_size:30px|text_align:left|line_height:0.8&#8243; use_theme_fonts=&#8221;yes&#8221; font_weight=&#8221;400&#8243; text_transform=&#8221;none&#8221; sub_heading_character_color=&#8221;rgba(0,0,0,0.4)&#8221;][\/vc_column][\/vc_row][vc_row css=&#8221;.vc_custom_1468894687129{margin-bottom: 50px !important;}&#8221;][vc_column width=&#8221;1\/4&#8243;][vc_single_image image=&#8221;1698&#8243; img_size=&#8221;full&#8221;][\/vc_column][vc_column width=&#8221;3\/4&#8243;][vc_column_text]Micheneau[\/vc_column_text][\/vc_column][\/vc_row]<\/p>\n","protected":false},"author":5,"featured_media":0,"parent":0,"menu_order":0,"comment_status":"closed","ping_status":"closed","template":"","meta":{"_mi_skip_tracking":false},"yoast_head":"<!-- This site is optimized with the Yoast SEO plugin v20.4 - https:\/\/yoast.com\/wordpress\/plugins\/seo\/ -->\n<title>Links - CSTM inc.<\/title>\n<meta name=\"robots\" content=\"index, follow, max-snippet:-1, max-image-preview:large, max-video-preview:-1\" \/>\n<link rel=\"canonical\" href=\"https:\/\/cstm.ca\/en\/links\/\" \/>\n<meta property=\"og:locale\" content=\"en_US\" \/>\n<meta property=\"og:type\" content=\"article\" \/>\n<meta property=\"og:title\" content=\"Links - CSTM inc.\" \/>\n<meta property=\"og:description\" content=\"[vc_row css=&#8221;.vc_custom_1468894711930{margin-bottom: 30px !important;}&#8221;][vc_column][vc_custom_heading text=&#8221;ORGANIZATIONS ET ASSOCIATIONS&#8221; font_container=&#8221;tag:h2|font_size:30px|text_align:left|line_height:0.8&#8243; use_theme_fonts=&#8221;yes&#8221; font_weight=&#8221;400&#8243; text_transform=&#8221;none&#8221; sub_heading_character_color=&#8221;rgba(0,0,0,0.4)&#8221;][\/vc_column][\/vc_row][vc_row][vc_column width=&#8221;1\/4&#8243;][vc_single_image image=&#8221;1701&#8243; img_size=&#8221;full&#8221;][\/vc_column][vc_column width=&#8221;3\/4&#8243;][vc_column_text]R\u00e9seau Transal[\/vc_column_text][\/vc_column][\/vc_row][vc_row][vc_column width=&#8221;1\/4&#8243;][vc_single_image image=&#8221;1696&#8243; img_size=&#8221;full&#8221;][\/vc_column][vc_column width=&#8221;3\/4&#8243;][vc_column_text]P\u00f4le d&#8217;Excellence qu\u00e9b\u00e9coise en transport terrestre[\/vc_column_text][\/vc_column][\/vc_row][vc_row][vc_column width=&#8221;1\/4&#8243;][vc_single_image image=&#8221;1703&#8243; img_size=&#8221;full&#8221;][\/vc_column][vc_column width=&#8221;3\/4&#8243;][vc_column_text]Sous-Traitance Industriel Qu\u00e9bec[\/vc_column_text][\/vc_column][\/vc_row][vc_row][vc_column width=&#8221;1\/4&#8243;][vc_single_image image=&#8221;1693&#8243; img_size=&#8221;full&#8221;][\/vc_column][vc_column width=&#8221;3\/4&#8243;][vc_column_text]Centre de recherche industrielle du Qu\u00e9bec[\/vc_column_text][\/vc_column][\/vc_row][vc_row][vc_column width=&#8221;1\/4&#8243;][vc_single_image image=&#8221;1691&#8243; img_size=&#8221;full&#8221;][\/vc_column][vc_column width=&#8221;3\/4&#8243;][vc_column_text]Groupement des chefs d\u2019entreprise du Qu\u00e9bec[\/vc_column_text][\/vc_column][\/vc_row][vc_row][vc_column width=&#8221;1\/4&#8243;][vc_single_image image=&#8221;1695&#8243; img_size=&#8221;full&#8221;][\/vc_column][vc_column width=&#8221;3\/4&#8243;][vc_column_text]F\u00e9d\u00e9ration canadienne de l\u2019entreprise ind\u00e9pendante[\/vc_column_text][\/vc_column][\/vc_row][vc_row css=&#8221;.vc_custom_1468894389064{margin-bottom: 50px !important;}&#8221;][vc_column width=&#8221;1\/4&#8243;][vc_single_image image=&#8221;1692&#8243; img_size=&#8221;full&#8221;][\/vc_column][vc_column width=&#8221;3\/4&#8243;][vc_column_text]Chambre de commerce Haute-Yamaska et r\u00e9gion[\/vc_column_text][\/vc_column][\/vc_row][vc_row css=&#8221;.vc_custom_1468894698859{margin-bottom: 30px !important;}&#8221;][vc_column][vc_custom_heading text=&#8221;INDUSTRIAL SUPPLIER&#8221; font_container=&#8221;tag:h2|font_size:30px|text_align:left|line_height:0.8&#8243; use_theme_fonts=&#8221;yes&#8221; font_weight=&#8221;400&#8243; text_transform=&#8221;none&#8221; sub_heading_character_color=&#8221;rgba(0,0,0,0.4)&#8221;][\/vc_column][\/vc_row][vc_row][vc_column width=&#8221;1\/4&#8243;][vc_single_image image=&#8221;1699&#8243; img_size=&#8221;full&#8221;][\/vc_column][vc_column width=&#8221;3\/4&#8243;][vc_column_text]Nelson Stud Welding[\/vc_column_text][\/vc_column][\/vc_row][vc_row][vc_column width=&#8221;1\/4&#8243;][vc_single_image image=&#8221;1700&#8243; img_size=&#8221;full&#8221;][\/vc_column][vc_column width=&#8221;3\/4&#8243;][vc_column_text]Penn Engineering[\/vc_column_text][\/vc_column][\/vc_row][vc_row][vc_column width=&#8221;1\/4&#8243;][vc_single_image image=&#8221;1697&#8243; img_size=&#8221;full&#8221;][\/vc_column][vc_column width=&#8221;3\/4&#8243;][vc_column_text]Mc Master-Carr[\/vc_column_text][\/vc_column][\/vc_row][vc_row][vc_column width=&#8221;1\/4&#8243;][vc_single_image image=&#8221;1694&#8243; img_size=&#8221;full&#8221;][\/vc_column][vc_column width=&#8221;3\/4&#8243;][vc_column_text]Spaenaur[\/vc_column_text][\/vc_column][\/vc_row][vc_row][vc_column width=&#8221;1\/4&#8243;][vc_single_image image=&#8221;1702&#8243; img_size=&#8221;full&#8221;][\/vc_column][vc_column width=&#8221;3\/4&#8243;][vc_column_text]Sherex Industries Ltd.[\/vc_column_text][\/vc_column][\/vc_row][vc_row css=&#8221;.vc_custom_1468894663204{margin-bottom: 50px !important;}&#8221;][vc_column width=&#8221;1\/4&#8243;][vc_single_image image=&#8221;1690&#8243; img_size=&#8221;full&#8221;][\/vc_column][vc_column width=&#8221;3\/4&#8243;][vc_column_text]Avdel Inc.[\/vc_column_text][\/vc_column][\/vc_row][vc_row css=&#8221;.vc_custom_1468894675453{margin-bottom: 30px !important;}&#8221;][vc_column][vc_custom_heading text=&#8221;EUROPEAN PARTNER&#8221; font_container=&#8221;tag:h2|font_size:30px|text_align:left|line_height:0.8&#8243; use_theme_fonts=&#8221;yes&#8221; font_weight=&#8221;400&#8243; text_transform=&#8221;none&#8221; sub_heading_character_color=&#8221;rgba(0,0,0,0.4)&#8221;][\/vc_column][\/vc_row][vc_row css=&#8221;.vc_custom_1468894687129{margin-bottom: 50px !important;}&#8221;][vc_column width=&#8221;1\/4&#8243;][vc_single_image image=&#8221;1698&#8243; img_size=&#8221;full&#8221;][\/vc_column][vc_column width=&#8221;3\/4&#8243;][vc_column_text]Micheneau[\/vc_column_text][\/vc_column][\/vc_row]\" \/>\n<meta property=\"og:url\" content=\"https:\/\/cstm.ca\/en\/links\/\" \/>\n<meta property=\"og:site_name\" content=\"CSTM inc.\" \/>\n<meta property=\"article:modified_time\" content=\"2016-10-05T14:39:10+00:00\" \/>\n<meta name=\"twitter:card\" content=\"summary_large_image\" \/>\n<meta name=\"twitter:label1\" content=\"Est. reading time\" \/>\n\t<meta name=\"twitter:data1\" content=\"3 minutes\" \/>\n<script type=\"application\/ld+json\" class=\"yoast-schema-graph\">{\"@context\":\"https:\/\/schema.org\",\"@graph\":[{\"@type\":\"WebPage\",\"@id\":\"https:\/\/cstm.ca\/en\/links\/\",\"url\":\"https:\/\/cstm.ca\/en\/links\/\",\"name\":\"Links - CSTM inc.\",\"isPartOf\":{\"@id\":\"https:\/\/cstm.ca\/#website\"},\"datePublished\":\"2016-09-07T18:51:12+00:00\",\"dateModified\":\"2016-10-05T14:39:10+00:00\",\"breadcrumb\":{\"@id\":\"https:\/\/cstm.ca\/en\/links\/#breadcrumb\"},\"inLanguage\":\"en-US\",\"potentialAction\":[{\"@type\":\"ReadAction\",\"target\":[\"https:\/\/cstm.ca\/en\/links\/\"]}]},{\"@type\":\"BreadcrumbList\",\"@id\":\"https:\/\/cstm.ca\/en\/links\/#breadcrumb\",\"itemListElement\":[{\"@type\":\"ListItem\",\"position\":1,\"name\":\"Accueil\",\"item\":\"https:\/\/cstm.ca\/en\/\"},{\"@type\":\"ListItem\",\"position\":2,\"name\":\"Links\"}]},{\"@type\":\"WebSite\",\"@id\":\"https:\/\/cstm.ca\/#website\",\"url\":\"https:\/\/cstm.ca\/\",\"name\":\"CSTM inc.\",\"description\":\"\u00c0 la mesure de vos besoins\u2026\",\"potentialAction\":[{\"@type\":\"SearchAction\",\"target\":{\"@type\":\"EntryPoint\",\"urlTemplate\":\"https:\/\/cstm.ca\/?s={search_term_string}\"},\"query-input\":\"required name=search_term_string\"}],\"inLanguage\":\"en-US\"}]}<\/script>\n<!-- \/ Yoast SEO plugin. -->","yoast_head_json":{"title":"Links - CSTM inc.","robots":{"index":"index","follow":"follow","max-snippet":"max-snippet:-1","max-image-preview":"max-image-preview:large","max-video-preview":"max-video-preview:-1"},"canonical":"https:\/\/cstm.ca\/en\/links\/","og_locale":"en_US","og_type":"article","og_title":"Links - CSTM inc.","og_description":"[vc_row css=&#8221;.vc_custom_1468894711930{margin-bottom: 30px !important;}&#8221;][vc_column][vc_custom_heading text=&#8221;ORGANIZATIONS ET ASSOCIATIONS&#8221; font_container=&#8221;tag:h2|font_size:30px|text_align:left|line_height:0.8&#8243; use_theme_fonts=&#8221;yes&#8221; font_weight=&#8221;400&#8243; text_transform=&#8221;none&#8221; sub_heading_character_color=&#8221;rgba(0,0,0,0.4)&#8221;][\/vc_column][\/vc_row][vc_row][vc_column width=&#8221;1\/4&#8243;][vc_single_image image=&#8221;1701&#8243; img_size=&#8221;full&#8221;][\/vc_column][vc_column width=&#8221;3\/4&#8243;][vc_column_text]R\u00e9seau Transal[\/vc_column_text][\/vc_column][\/vc_row][vc_row][vc_column width=&#8221;1\/4&#8243;][vc_single_image image=&#8221;1696&#8243; img_size=&#8221;full&#8221;][\/vc_column][vc_column width=&#8221;3\/4&#8243;][vc_column_text]P\u00f4le d&#8217;Excellence qu\u00e9b\u00e9coise en transport terrestre[\/vc_column_text][\/vc_column][\/vc_row][vc_row][vc_column width=&#8221;1\/4&#8243;][vc_single_image image=&#8221;1703&#8243; img_size=&#8221;full&#8221;][\/vc_column][vc_column width=&#8221;3\/4&#8243;][vc_column_text]Sous-Traitance Industriel Qu\u00e9bec[\/vc_column_text][\/vc_column][\/vc_row][vc_row][vc_column width=&#8221;1\/4&#8243;][vc_single_image image=&#8221;1693&#8243; img_size=&#8221;full&#8221;][\/vc_column][vc_column width=&#8221;3\/4&#8243;][vc_column_text]Centre de recherche industrielle du Qu\u00e9bec[\/vc_column_text][\/vc_column][\/vc_row][vc_row][vc_column width=&#8221;1\/4&#8243;][vc_single_image image=&#8221;1691&#8243; img_size=&#8221;full&#8221;][\/vc_column][vc_column width=&#8221;3\/4&#8243;][vc_column_text]Groupement des chefs d\u2019entreprise du Qu\u00e9bec[\/vc_column_text][\/vc_column][\/vc_row][vc_row][vc_column width=&#8221;1\/4&#8243;][vc_single_image image=&#8221;1695&#8243; img_size=&#8221;full&#8221;][\/vc_column][vc_column width=&#8221;3\/4&#8243;][vc_column_text]F\u00e9d\u00e9ration canadienne de l\u2019entreprise ind\u00e9pendante[\/vc_column_text][\/vc_column][\/vc_row][vc_row css=&#8221;.vc_custom_1468894389064{margin-bottom: 50px !important;}&#8221;][vc_column width=&#8221;1\/4&#8243;][vc_single_image image=&#8221;1692&#8243; img_size=&#8221;full&#8221;][\/vc_column][vc_column width=&#8221;3\/4&#8243;][vc_column_text]Chambre de commerce Haute-Yamaska et r\u00e9gion[\/vc_column_text][\/vc_column][\/vc_row][vc_row css=&#8221;.vc_custom_1468894698859{margin-bottom: 30px !important;}&#8221;][vc_column][vc_custom_heading text=&#8221;INDUSTRIAL SUPPLIER&#8221; font_container=&#8221;tag:h2|font_size:30px|text_align:left|line_height:0.8&#8243; use_theme_fonts=&#8221;yes&#8221; font_weight=&#8221;400&#8243; text_transform=&#8221;none&#8221; sub_heading_character_color=&#8221;rgba(0,0,0,0.4)&#8221;][\/vc_column][\/vc_row][vc_row][vc_column width=&#8221;1\/4&#8243;][vc_single_image image=&#8221;1699&#8243; img_size=&#8221;full&#8221;][\/vc_column][vc_column width=&#8221;3\/4&#8243;][vc_column_text]Nelson Stud Welding[\/vc_column_text][\/vc_column][\/vc_row][vc_row][vc_column width=&#8221;1\/4&#8243;][vc_single_image image=&#8221;1700&#8243; img_size=&#8221;full&#8221;][\/vc_column][vc_column width=&#8221;3\/4&#8243;][vc_column_text]Penn Engineering[\/vc_column_text][\/vc_column][\/vc_row][vc_row][vc_column width=&#8221;1\/4&#8243;][vc_single_image image=&#8221;1697&#8243; img_size=&#8221;full&#8221;][\/vc_column][vc_column width=&#8221;3\/4&#8243;][vc_column_text]Mc Master-Carr[\/vc_column_text][\/vc_column][\/vc_row][vc_row][vc_column width=&#8221;1\/4&#8243;][vc_single_image image=&#8221;1694&#8243; img_size=&#8221;full&#8221;][\/vc_column][vc_column width=&#8221;3\/4&#8243;][vc_column_text]Spaenaur[\/vc_column_text][\/vc_column][\/vc_row][vc_row][vc_column width=&#8221;1\/4&#8243;][vc_single_image image=&#8221;1702&#8243; img_size=&#8221;full&#8221;][\/vc_column][vc_column width=&#8221;3\/4&#8243;][vc_column_text]Sherex Industries Ltd.[\/vc_column_text][\/vc_column][\/vc_row][vc_row css=&#8221;.vc_custom_1468894663204{margin-bottom: 50px !important;}&#8221;][vc_column width=&#8221;1\/4&#8243;][vc_single_image image=&#8221;1690&#8243; img_size=&#8221;full&#8221;][\/vc_column][vc_column width=&#8221;3\/4&#8243;][vc_column_text]Avdel Inc.[\/vc_column_text][\/vc_column][\/vc_row][vc_row css=&#8221;.vc_custom_1468894675453{margin-bottom: 30px !important;}&#8221;][vc_column][vc_custom_heading text=&#8221;EUROPEAN PARTNER&#8221; font_container=&#8221;tag:h2|font_size:30px|text_align:left|line_height:0.8&#8243; use_theme_fonts=&#8221;yes&#8221; font_weight=&#8221;400&#8243; text_transform=&#8221;none&#8221; sub_heading_character_color=&#8221;rgba(0,0,0,0.4)&#8221;][\/vc_column][\/vc_row][vc_row css=&#8221;.vc_custom_1468894687129{margin-bottom: 50px !important;}&#8221;][vc_column width=&#8221;1\/4&#8243;][vc_single_image image=&#8221;1698&#8243; img_size=&#8221;full&#8221;][\/vc_column][vc_column width=&#8221;3\/4&#8243;][vc_column_text]Micheneau[\/vc_column_text][\/vc_column][\/vc_row]","og_url":"https:\/\/cstm.ca\/en\/links\/","og_site_name":"CSTM inc.","article_modified_time":"2016-10-05T14:39:10+00:00","twitter_card":"summary_large_image","twitter_misc":{"Est. reading time":"3 minutes"},"schema":{"@context":"https:\/\/schema.org","@graph":[{"@type":"WebPage","@id":"https:\/\/cstm.ca\/en\/links\/","url":"https:\/\/cstm.ca\/en\/links\/","name":"Links - CSTM inc.","isPartOf":{"@id":"https:\/\/cstm.ca\/#website"},"datePublished":"2016-09-07T18:51:12+00:00","dateModified":"2016-10-05T14:39:10+00:00","breadcrumb":{"@id":"https:\/\/cstm.ca\/en\/links\/#breadcrumb"},"inLanguage":"en-US","potentialAction":[{"@type":"ReadAction","target":["https:\/\/cstm.ca\/en\/links\/"]}]},{"@type":"BreadcrumbList","@id":"https:\/\/cstm.ca\/en\/links\/#breadcrumb","itemListElement":[{"@type":"ListItem","position":1,"name":"Accueil","item":"https:\/\/cstm.ca\/en\/"},{"@type":"ListItem","position":2,"name":"Links"}]},{"@type":"WebSite","@id":"https:\/\/cstm.ca\/#website","url":"https:\/\/cstm.ca\/","name":"CSTM inc.","description":"\u00c0 la mesure de vos besoins\u2026","potentialAction":[{"@type":"SearchAction","target":{"@type":"EntryPoint","urlTemplate":"https:\/\/cstm.ca\/?s={search_term_string}"},"query-input":"required name=search_term_string"}],"inLanguage":"en-US"}]}},"_links":{"self":[{"href":"https:\/\/cstm.ca\/en\/wp-json\/wp\/v2\/pages\/1806"}],"collection":[{"href":"https:\/\/cstm.ca\/en\/wp-json\/wp\/v2\/pages"}],"about":[{"href":"https:\/\/cstm.ca\/en\/wp-json\/wp\/v2\/types\/page"}],"author":[{"embeddable":true,"href":"https:\/\/cstm.ca\/en\/wp-json\/wp\/v2\/users\/5"}],"replies":[{"embeddable":true,"href":"https:\/\/cstm.ca\/en\/wp-json\/wp\/v2\/comments?post=1806"}],"version-history":[{"count":4,"href":"https:\/\/cstm.ca\/en\/wp-json\/wp\/v2\/pages\/1806\/revisions"}],"predecessor-version":[{"id":1874,"href":"https:\/\/cstm.ca\/en\/wp-json\/wp\/v2\/pages\/1806\/revisions\/1874"}],"wp:attachment":[{"href":"https:\/\/cstm.ca\/en\/wp-json\/wp\/v2\/media?parent=1806"}],"curies":[{"name":"wp","href":"https:\/\/api.w.org\/{rel}","templated":true}]}}